{"id":989051,"date":"2022-10-01T18:10:49","date_gmt":"2022-10-01T18:10:49","guid":{"rendered":"https:\/\/biopetactive.com\/urunler\/vitalidog-05-150-tablet-kopekler-i%cc%87ci%cc%87n-multivi%cc%87tami%cc%87n-tablet-75-gr\/"},"modified":"2023-10-11T09:36:59","modified_gmt":"2023-10-11T09:36:59","slug":"vitalidog-05-150-tablet-kopekler-i%cc%87ci%cc%87n-multivi%cc%87tami%cc%87n-tablet-75-gr","status":"publish","type":"product","link":"https:\/\/biopetactive.com\/en\/urunler\/vitalidog-05-150-tablet-kopekler-i%cc%87ci%cc%87n-multivi%cc%87tami%cc%87n-tablet-75-gr\/","title":{"rendered":"Vitalidog &#8211; Multivitamin Tablets for Dogs"},"content":{"rendered":"<div class=\"vgblk-rw-wrapper limit-wrapper\"><strong>A complete and well-balanced mixtures of Vitamins and Amino Acids to support healthy development and disease resilience of <\/strong><strong>puppies and adult dogs <\/strong><strong>&amp; <\/strong><strong>kittens and adult cats.<\/strong><\/p>\n<p><strong>Vitamin A <\/strong>helps reduce dryness, sclerosis and itchiness that can occur on skin of our furry friends and helps protect against diseases and harmful effects of chemicals.<\/p>\n<p><strong>Vitamin E <\/strong>helps protect against many diseases and disorders such as cardiovascular, optic and neural disease which arise from old age and stress-causing diseases.<\/p>\n<p><strong>Vitamin B9 \u2013 Folic Acid <\/strong>is a vitamin especially needed by cats and dogs during pregnancy. If used regularly in the pre-pregnancy period, it supports the healthy development of the offspring in the mother&#8217;s womb.<\/p>\n<p><strong>Vitamin B5 \u2013 Pantothenic Acid <\/strong>is an anti-stress vitamin. Our furry friends cannot fight infections if they do not get a sufficient amount of Vitamin B5.<\/p>\n<p><strong>Vitamin H \u2013 Biotin <\/strong>is a very important vitamin which helps overcome one of the greatest challenges faced by animal lovers \u2013 shedding. Biotin helps your cat and dog to keep that healthy, wondrous shining and non-shedding coat.<\/p>\n<p><strong><em>VitaliDOG <\/em><\/strong><strong><em>Feeding Directions: <\/em><\/strong><em>For every 10 kg (22 lbs.) body weight of dogs, add 1 tablet (0.5 g) to the food or can be given directly.<\/em><\/p>\n<p><strong><em>VitaliDOG Small Breed <\/em><\/strong><strong><em>Feeding Directions: <\/em><\/strong><em>For every 5 kg (11 lbs) body weight of small breed dogs, add 1 tablet (0.5 g) to the food or can be given directly.<\/em><\/p>\n<p><strong><em>VitaliCAT <\/em><\/strong><strong><em>Feeding Directions: <\/em><\/strong><em>For every 5 kg (11 lbs.) body weight of cats, add 1 tablet (0.5 g) to the food or can be given directly.<\/em><\/div>\n<p><!-- .vgblk-rw-wrapper --><\/p>\n","protected":false},"excerpt":{"rendered":"<p>Yavru ve yeti\u015fkin k\u00f6pek dostlar\u0131m\u0131z\u0131n sa\u011fl\u0131kl\u0131 geli\u015fimini destekleten ve onlar\u0131n hastal\u0131klara kar\u015f\u0131 daha diren\u00e7li olmas\u0131n\u0131 sa\u011flayan tam ve dengeli vitamin ve aminoasit kar\u0131\u015f\u0131m\u0131d\u0131r. De\u011ferli dostunuzun geli\u015fmesi i\u00e7in ihtiya\u00e7 duydu\u011fu t\u00fcm hayati besinleri ald\u0131\u011f\u0131ndan emin olun.<\/p>\n","protected":false},"featured_media":988194,"comment_status":"open","ping_status":"closed","template":"","meta":[],"product_cat":[354,357],"product_tag":[],"aioseo_notices":[],"_links":{"self":[{"href":"https:\/\/biopetactive.com\/en\/wp-json\/wp\/v2\/product\/989051"}],"collection":[{"href":"https:\/\/biopetactive.com\/en\/wp-json\/wp\/v2\/product"}],"about":[{"href":"https:\/\/biopetactive.com\/en\/wp-json\/wp\/v2\/types\/product"}],"replies":[{"embeddable":true,"href":"https:\/\/biopetactive.com\/en\/wp-json\/wp\/v2\/comments?post=989051"}],"version-history":[{"count":1,"href":"https:\/\/biopetactive.com\/en\/wp-json\/wp\/v2\/product\/989051\/revisions"}],"predecessor-version":[{"id":989052,"href":"https:\/\/biopetactive.com\/en\/wp-json\/wp\/v2\/product\/989051\/revisions\/989052"}],"wp:featuredmedia":[{"embeddable":true,"href":"https:\/\/biopetactive.com\/en\/wp-json\/wp\/v2\/media\/988194"}],"wp:attachment":[{"href":"https:\/\/biopetactive.com\/en\/wp-json\/wp\/v2\/media?parent=989051"}],"wp:term":[{"taxonomy":"product_cat","embeddable":true,"href":"https:\/\/biopetactive.com\/en\/wp-json\/wp\/v2\/product_cat?post=989051"},{"taxonomy":"product_tag","embeddable":true,"href":"https:\/\/biopetactive.com\/en\/wp-json\/wp\/v2\/product_tag?post=989051"}],"curies":[{"name":"wp","href":"https:\/\/api.w.org\/{rel}","templated":true}]}}