{"id":989053,"date":"2022-10-01T18:10:49","date_gmt":"2022-10-01T18:10:49","guid":{"rendered":"https:\/\/biopetactive.com\/urunler\/dermadog-15-50-tablet-buyuk-irk-sarimsak-tablet-75-gr\/"},"modified":"2023-10-11T09:37:55","modified_gmt":"2023-10-11T09:37:55","slug":"dermadog-15-50-tablet-buyuk-irk-sarimsak-tablet-75-gr","status":"publish","type":"product","link":"https:\/\/biopetactive.com\/en\/urunler\/dermadog-15-50-tablet-buyuk-irk-sarimsak-tablet-75-gr\/","title":{"rendered":"Dermadog &#8211; Brewer\u2019s Yeast &#038; Garlic Tablets for Dogs"},"content":{"rendered":"<div class=\"vgblk-rw-wrapper limit-wrapper\"><strong>Brewer\u2019s Yeast &amp; Garlic Tablet Fortified with Yucca, Biotin, B Vitamins, Vitamin E, Folic Acid, Amino Acids and Prebiotics.<\/strong><\/p>\n<p>Supplementary feeds with <strong>Vitamins and Amino <\/strong>Acids made to protect skin and bowel health of cats, medium and large breed dogs.<\/p>\n<p><strong>Brewer\u2019s Yeast, Biotin <\/strong>helps support the development of healthy skin and coat, reduces shedding and keeps your pet\u2019s coat shiny and healthy.<\/p>\n<p><strong>MOS (Mannan oligosaccharide), <\/strong>with the prebiotic effect, increases the beneficial bacteria in the bowel; causing harmful bacteria to diminish, helping our friend to benefit from the maximum amount of food he has eaten, and playing a role in boosting immunity. <strong>Yucca Schidigera extract <\/strong>reduces the smell of urine and stool.<\/p>\n<p><strong>Garlic <\/strong>is an antibacterial and nutritional supplement that helps to eliminate toxins and strengthens overall metabolism.<\/p>\n<p><strong>Choline <\/strong>helps regulate the liver metabolism of our old companions, who has been our friend and family for years.<\/p>\n<p>&nbsp;<\/p>\n<p><strong><em>DermaCAT 0,3 <\/em><\/strong><strong><em>Feeding Directions: <\/em><\/strong><em>For every 5 kg (11 lbs) body weight of cats, add 1 tablet (0.3 g) to the food or can be given directly.<\/em><\/p>\n<p><strong><em>DermaCAT 0,5 <\/em><\/strong><strong><em>Feeding Directions: <\/em><\/strong><em>For every 5 kg (11 lbs) body weight of cats, add 1 tablet (0.5 g) to the food or can be given directly.<\/em><\/p>\n<p><strong><em>DermaDOG 0,5 <\/em><\/strong><strong><em>Feeding Directions: <\/em><\/strong><em>For every 5 kg (11 lbs) body weight of dogs, add 1 tablet (0.5 g) to the food or can be given directly.<\/em><\/p>\n<p><strong><em>DermaDOG 0,5 Small Breed <\/em><\/strong><strong><em>Feeding Directions: <\/em><\/strong><em>For every 5 kg (11 lbs) body weight of small breed dogs, add 0.5 g (1 tablet) to the food or can be given directly.<\/em><\/p>\n<p><strong><em>DermaDOG 1,5 <\/em><\/strong><strong><em>Feeding Directions: <\/em><\/strong><em>For every 15 kg (33 lbs) body weight of dogs, add 1 tablet (1.5 g) to the food or can be given directly.<\/em><\/div>\n<p><!-- .vgblk-rw-wrapper --><\/p>\n","protected":false},"excerpt":{"rendered":"<p>B\u00fcy\u00fck ve dev \u0131rk k\u00f6pek dostlar\u0131m\u0131z i\u00e7in deri ve ba\u011f\u0131rsak sa\u011fl\u0131\u011f\u0131n\u0131 korumaya y\u00f6nelik olarak haz\u0131rlanm\u0131\u015f Vitamin ve Aminoasit i\u00e7erikli destek \u00fcr\u00fcn\u00fcd\u00fcr.<\/p>\n","protected":false},"featured_media":988196,"comment_status":"open","ping_status":"closed","template":"","meta":[],"product_cat":[354,357],"product_tag":[],"aioseo_notices":[],"_links":{"self":[{"href":"https:\/\/biopetactive.com\/en\/wp-json\/wp\/v2\/product\/989053"}],"collection":[{"href":"https:\/\/biopetactive.com\/en\/wp-json\/wp\/v2\/product"}],"about":[{"href":"https:\/\/biopetactive.com\/en\/wp-json\/wp\/v2\/types\/product"}],"replies":[{"embeddable":true,"href":"https:\/\/biopetactive.com\/en\/wp-json\/wp\/v2\/comments?post=989053"}],"version-history":[{"count":1,"href":"https:\/\/biopetactive.com\/en\/wp-json\/wp\/v2\/product\/989053\/revisions"}],"predecessor-version":[{"id":989054,"href":"https:\/\/biopetactive.com\/en\/wp-json\/wp\/v2\/product\/989053\/revisions\/989054"}],"wp:featuredmedia":[{"embeddable":true,"href":"https:\/\/biopetactive.com\/en\/wp-json\/wp\/v2\/media\/988196"}],"wp:attachment":[{"href":"https:\/\/biopetactive.com\/en\/wp-json\/wp\/v2\/media?parent=989053"}],"wp:term":[{"taxonomy":"product_cat","embeddable":true,"href":"https:\/\/biopetactive.com\/en\/wp-json\/wp\/v2\/product_cat?post=989053"},{"taxonomy":"product_tag","embeddable":true,"href":"https:\/\/biopetactive.com\/en\/wp-json\/wp\/v2\/product_tag?post=989053"}],"curies":[{"name":"wp","href":"https:\/\/api.w.org\/{rel}","templated":true}]}}