{"id":989062,"date":"2022-10-01T18:10:49","date_gmt":"2022-10-01T18:10:49","guid":{"rendered":"https:\/\/biopetactive.com\/urunler\/d-kaltabs-15-84-tablet-kedi%cc%87-ve-kopekler-i%cc%87cin-kalsiyum-tablet-126-gr\/"},"modified":"2023-10-11T09:46:10","modified_gmt":"2023-10-11T09:46:10","slug":"d-kaltabs-15-84-tablet-kedi%cc%87-ve-kopekler-i%cc%87cin-kalsiyum-tablet-126-gr","status":"publish","type":"product","link":"https:\/\/biopetactive.com\/en\/urunler\/d-kaltabs-15-84-tablet-kedi%cc%87-ve-kopekler-i%cc%87cin-kalsiyum-tablet-126-gr\/","title":{"rendered":"D-kaltabs &#8211; Dicalcium Phosphate &#038; Vitamin D3 Chewable Tablets for Cats and Dogs"},"content":{"rendered":"<div class=\"vgblk-rw-wrapper limit-wrapper\"><strong>A nutritional supplement that provides the <\/strong><strong>calcium <\/strong><strong>our pet friends need at every stage of life.<\/strong><\/p>\n<p><strong>\u00a0<\/strong><\/p>\n<p>As in humans, <strong>calcium <\/strong>is the most abundant mineral in the animal body. In addition to its role in the formation of bones and teeth, it also has a very important role in blood clotting, joint structure, pulse regulation and restoration of the neural system.<\/p>\n<p>&nbsp;<\/p>\n<p>Therefore, it is very important to meet the daily calcium needs of our furry friends. Especially during pregnancy and lactation period, both the mother and the offspring have an increased need for calcium.<\/p>\n<p>&nbsp;<\/p>\n<p>Similarly, rapid growth in large breed pets continues until 24 months of age. During this critical period, lack of calcium may cause life-long, irreparable skeletal problems.<\/p>\n<p>&nbsp;<\/p>\n<p><strong>Calcium <\/strong>absorption may decrease for various reasons. <strong>Vitamin D <\/strong>is a key player in calcium absorption, and deficiency can lead to decreased calcium absorption. Therefore, let your furry friend run and play around and get plenty of sunlight on sunny days.<\/p>\n<p>&nbsp;<\/p>\n<p><strong>D-Kaltabs <\/strong>contains sufficient amount of <strong>Vitamin D <\/strong>in addition to calcium and phosphorus.<\/p>\n<p>&nbsp;<\/p>\n<p><strong><em>D- Kaltabs for Cats and Dogs <\/em><\/strong><strong><em>Feeding Directions: <\/em><\/strong><em>Administer according to the table below. Crush and sprinkle into the dry\/wet food or can be given directly. (1 tablet = 1.5 g)<\/em><\/p>\n<p><em>\u00a0<\/em><\/p>\n<p><strong><em>D-<\/em><\/strong> <strong><em>Kaltabs<\/em><\/strong> <strong><em>for<\/em><\/strong> <strong><em>Cats<\/em><\/strong> <strong><em>Feeding<\/em><\/strong> <strong><em>Directions:<\/em><\/strong> <em>For<\/em> <em>cats<\/em> <em>2<\/em> <em>tablets<\/em> <em>daily;<\/em> <em>1<\/em> <em>tablet<\/em> <em>in<\/em> <em>the<\/em> <em>morning<\/em> <em>and 1 tablet in the evening. Can be given directly or can be crushed and sprinkled into the dry\/wet food.<\/em><\/div>\n<p><!-- .vgblk-rw-wrapper --><\/p>\n","protected":false},"excerpt":{"rendered":"<p>Kalsiyum tableti, kedi ve k\u00f6pekler i\u00e7in, kalsiyum ihtiyac\u0131n\u0131 kar\u015f\u0131layan ve eksikli\u011fini gidermeye yard\u0131mc\u0131, ek besin kalsiyum tableti.<\/p>\n","protected":false},"featured_media":988202,"comment_status":"open","ping_status":"closed","template":"","meta":[],"product_cat":[352,361,354,356],"product_tag":[],"aioseo_notices":[],"_links":{"self":[{"href":"https:\/\/biopetactive.com\/en\/wp-json\/wp\/v2\/product\/989062"}],"collection":[{"href":"https:\/\/biopetactive.com\/en\/wp-json\/wp\/v2\/product"}],"about":[{"href":"https:\/\/biopetactive.com\/en\/wp-json\/wp\/v2\/types\/product"}],"replies":[{"embeddable":true,"href":"https:\/\/biopetactive.com\/en\/wp-json\/wp\/v2\/comments?post=989062"}],"version-history":[{"count":1,"href":"https:\/\/biopetactive.com\/en\/wp-json\/wp\/v2\/product\/989062\/revisions"}],"predecessor-version":[{"id":989063,"href":"https:\/\/biopetactive.com\/en\/wp-json\/wp\/v2\/product\/989062\/revisions\/989063"}],"wp:featuredmedia":[{"embeddable":true,"href":"https:\/\/biopetactive.com\/en\/wp-json\/wp\/v2\/media\/988202"}],"wp:attachment":[{"href":"https:\/\/biopetactive.com\/en\/wp-json\/wp\/v2\/media?parent=989062"}],"wp:term":[{"taxonomy":"product_cat","embeddable":true,"href":"https:\/\/biopetactive.com\/en\/wp-json\/wp\/v2\/product_cat?post=989062"},{"taxonomy":"product_tag","embeddable":true,"href":"https:\/\/biopetactive.com\/en\/wp-json\/wp\/v2\/product_tag?post=989062"}],"curies":[{"name":"wp","href":"https:\/\/api.w.org\/{rel}","templated":true}]}}