{"id":989064,"date":"2022-10-01T18:10:49","date_gmt":"2022-10-01T18:10:49","guid":{"rendered":"https:\/\/biopetactive.com\/urunler\/biodermdog-05-75-tablet-kopekler-i%cc%87ci%cc%87n-cinko-ve-bi%cc%87oti%cc%87n-tablet-375-gr\/"},"modified":"2023-10-11T09:47:52","modified_gmt":"2023-10-11T09:47:52","slug":"biodermdog-05-75-tablet-kopekler-i%cc%87ci%cc%87n-cinko-ve-bi%cc%87oti%cc%87n-tablet-375-gr","status":"publish","type":"product","link":"https:\/\/biopetactive.com\/en\/urunler\/biodermdog-05-75-tablet-kopekler-i%cc%87ci%cc%87n-cinko-ve-bi%cc%87oti%cc%87n-tablet-375-gr\/","title":{"rendered":"BiodermDog &#8211; Skin and Coat Support with Zinc, Biotin and Omega-3"},"content":{"rendered":"<div class=\"vgblk-rw-wrapper limit-wrapper\"><strong>BiodermCAT <\/strong>and <strong>BiodermDOG <\/strong>are nutritional supplements for cats and dogs, enriched with <strong>Zinc, Biotin <\/strong>and <strong>Omega 3, <\/strong>which promotes the formation of glossy coat and healthy skin.<\/p>\n<p>&nbsp;<\/p>\n<ul>\n<li>Specially formulated to meet the need for biotin and zinc in cats and<\/li>\n<li>Biotin and Zinc in BiodermCAT and BiodermDOG strengthens the skin and coat health of your cat and dog and helps reduce shedding.<\/li>\n<li>Increases the durability of the<\/li>\n<li>Strengthens the immune system of your pet and makes him more resistant to diseases.<\/li>\n<li>Zinc is vital in collagen and keratin Its healing properties help keep your pet\u2019s coat healthy and lustrous.<\/li>\n<\/ul>\n<p>&nbsp;<\/p>\n<p><strong><em>BiodermCAT <\/em><\/strong><strong><em>Feeding Directions: <\/em><\/strong><em>For every 3 kg (6.6 lbs.) body weight of cats, add 1 tablet (0.3 g) to the food or can be given directly.<\/em><\/p>\n<p><em>\u00a0<\/em><\/p>\n<p><strong><em>BiodermDOG <\/em><\/strong><strong><em>Feeding Directions: <\/em><\/strong><em>For every 10 kg (22 lbs.) body weight of dogs, add 1 tablet (0.5 g) to the food or can be given directly.<\/em><\/p>\n<p><em>\u00a0<\/em><\/p>\n<p><strong>BiodermCAT<\/strong><\/p>\n<p><strong>100 Chewable Tablets<\/strong><\/p>\n<p>30 g (1.06 oz) (1 Tablet = 0.3 g)<\/p>\n<p>&nbsp;<\/p>\n<p><strong>BiodermDOG<\/strong><\/p>\n<p><strong>75 Chewable Tablets<\/strong><\/p>\n<p>37.5 g (1.32 oz) (1 Tablet = 0.5 g)<\/p><\/div>\n<p><!-- .vgblk-rw-wrapper --><\/p>\n","protected":false},"excerpt":{"rendered":"<p>BiodermDOG i\u00e7indeki Biotin ve \u00c7inko ile k\u00f6pe\u011finizin deri ve t\u00fcy sa\u011fl\u0131\u011f\u0131n\u0131 g\u00fc\u00e7lendirir ve t\u00fcy d\u00f6k\u00fclmesini azalt\u0131r. T\u0131rnaklar\u0131n dayan\u0131kl\u0131l\u0131\u011f\u0131n\u0131 artt\u0131r\u0131r. \u00c7inko ve Biotin ile zenginle\u015ftirilmi\u015f, besin takviyesidir.<\/p>\n","protected":false},"featured_media":988204,"comment_status":"open","ping_status":"closed","template":"","meta":[],"product_cat":[354,357],"product_tag":[],"aioseo_notices":[],"_links":{"self":[{"href":"https:\/\/biopetactive.com\/en\/wp-json\/wp\/v2\/product\/989064"}],"collection":[{"href":"https:\/\/biopetactive.com\/en\/wp-json\/wp\/v2\/product"}],"about":[{"href":"https:\/\/biopetactive.com\/en\/wp-json\/wp\/v2\/types\/product"}],"replies":[{"embeddable":true,"href":"https:\/\/biopetactive.com\/en\/wp-json\/wp\/v2\/comments?post=989064"}],"version-history":[{"count":1,"href":"https:\/\/biopetactive.com\/en\/wp-json\/wp\/v2\/product\/989064\/revisions"}],"predecessor-version":[{"id":989065,"href":"https:\/\/biopetactive.com\/en\/wp-json\/wp\/v2\/product\/989064\/revisions\/989065"}],"wp:featuredmedia":[{"embeddable":true,"href":"https:\/\/biopetactive.com\/en\/wp-json\/wp\/v2\/media\/988204"}],"wp:attachment":[{"href":"https:\/\/biopetactive.com\/en\/wp-json\/wp\/v2\/media?parent=989064"}],"wp:term":[{"taxonomy":"product_cat","embeddable":true,"href":"https:\/\/biopetactive.com\/en\/wp-json\/wp\/v2\/product_cat?post=989064"},{"taxonomy":"product_tag","embeddable":true,"href":"https:\/\/biopetactive.com\/en\/wp-json\/wp\/v2\/product_tag?post=989064"}],"curies":[{"name":"wp","href":"https:\/\/api.w.org\/{rel}","templated":true}]}}